{"id":12725,"date":"2025-01-01T13:51:37","date_gmt":"2025-01-01T13:51:37","guid":{"rendered":"https:\/\/saoilearning.com\/?page_id=12725"},"modified":"2025-01-01T14:12:23","modified_gmt":"2025-01-01T14:12:23","slug":"retention","status":"publish","type":"page","link":"https:\/\/saoilearning.com\/index.php\/retention\/","title":{"rendered":"Retention"},"content":{"rendered":"\n<p>(27\/9\/24)<\/p>\n\n\n\n<p>The DEIS Retention Committee in St Paul\u2019s plays a crucial role in promoting student<br>retention for the duration of our student\u2019s educational experience. The committee<br>collects data based on the number of students who sit the state exams and using<br>this information, set targets to continually improve retention rates of all students.<br>We have a diverse range of measures in place to support students throughout their<br>time in St Pauls, some prime examples include JCSP, SCP, BFL, HSCL and LCA.<br>These measures are continually reviewed and developed in response to the<br>changing needs of our students.<br>Current members of the committee include Sinead Blake, Kate O\u2019 Donovan, Elaine<br>Mahony, Nollaig Eogan, Br\u00edde N\u00ed Eimh\u00edn, Shane Cahill, Hannah Timmons, Kathryn<br>Mullins and Jen Coughlan.<\/p>\n","protected":false},"excerpt":{"rendered":"<p>(27\/9\/24) The DEIS Retention Committee in St Paul\u2019s plays a crucial role in promoting studentretention for the duration of our student\u2019s educational experience. The committeecollects data based on the number of students who sit the state exams and usingthis information,&hellip;<\/p>\n","protected":false},"author":5,"featured_media":0,"parent":0,"menu_order":0,"comment_status":"closed","ping_status":"closed","template":"","meta":{"footnotes":""},"class_list":["post-12725","page","type-page","status-publish","hentry"],"_links":{"self":[{"href":"https:\/\/saoilearning.com\/index.php\/wp-json\/wp\/v2\/pages\/12725","targetHints":{"allow":["GET"]}}],"collection":[{"href":"https:\/\/saoilearning.com\/index.php\/wp-json\/wp\/v2\/pages"}],"about":[{"href":"https:\/\/saoilearning.com\/index.php\/wp-json\/wp\/v2\/types\/page"}],"author":[{"embeddable":true,"href":"https:\/\/saoilearning.com\/index.php\/wp-json\/wp\/v2\/users\/5"}],"replies":[{"embeddable":true,"href":"https:\/\/saoilearning.com\/index.php\/wp-json\/wp\/v2\/comments?post=12725"}],"version-history":[{"count":2,"href":"https:\/\/saoilearning.com\/index.php\/wp-json\/wp\/v2\/pages\/12725\/revisions"}],"predecessor-version":[{"id":12753,"href":"https:\/\/saoilearning.com\/index.php\/wp-json\/wp\/v2\/pages\/12725\/revisions\/12753"}],"wp:attachment":[{"href":"https:\/\/saoilearning.com\/index.php\/wp-json\/wp\/v2\/media?parent=12725"}],"curies":[{"name":"wp","href":"https:\/\/api.w.org\/{rel}","templated":true}]}}