{"id":183,"date":"2015-03-05T11:49:44","date_gmt":"2015-03-05T11:49:44","guid":{"rendered":"http:\/\/stpaulsmonasterevin.ie\/?page_id=183"},"modified":"2025-01-01T15:50:32","modified_gmt":"2025-01-01T15:50:32","slug":"staff","status":"publish","type":"page","link":"https:\/\/saoilearning.com\/index.php\/staff\/","title":{"rendered":"Staff"},"content":{"rendered":"\n<figure class=\"wp-block-table is-style-regular\"><table><tbody><tr><td><strong><mark style=\"background-color:rgba(0, 0, 0, 0)\" class=\"has-inline-color has-black-color\">Name<\/mark><\/strong><\/td><td><strong>Middle Leadership and Management Roles and Responsibilities<\/strong><\/td><td><strong>Subject Department Coordinator Specialist Role<\/strong><\/td><\/tr><tr><td>Brian Bergin<\/td><td>Principal\u00a0 \u00a0 \u00a0 \u00a0 \u00a0 \u00a0 \u00a0\u00a0<\/td><td>&nbsp;<\/td><\/tr><tr><td>Sean Keenan<\/td><td>Deputy Principal<\/td><td>&nbsp;<\/td><\/tr><tr><td>Eric Healy<\/td><td>Deputy Principal<\/td><td>&nbsp;<\/td><\/tr><tr><td>Seamus Ferry<\/td><td>PRO, Social Media and Website Coordinator Publications and Displays<\/td><td>&nbsp;<\/td><\/tr><tr><td>Martina Behan<\/td><td>6th Yr Year Head<\/td><td>&nbsp;<\/td><\/tr><tr><td>Aisling Ryan<\/td><td>&nbsp;<\/td><td>English<\/td><\/tr><tr><td>Nollaig Eogan<\/td><td>&nbsp;<\/td><td>&nbsp;<\/td><\/tr><tr><td>Donna Walsh<\/td><td>ICT Coordination Chromebook Manager<\/td><td><\/td><\/tr><tr><td>Wayne Harrington<\/td><td>TY Coordinator and Year Head JCSP Coordinator<\/td><td>&nbsp;<\/td><\/tr><tr><td>Elaine Mahony<\/td><td>&nbsp;<\/td><td>&nbsp;<\/td><\/tr><tr><td>Claire Collins<\/td><td>&nbsp;<\/td><td>French<\/td><\/tr><tr><td>Sandra Doyle CID<\/td><td>3rd Yr Year Head<\/td><td>&nbsp;<\/td><\/tr><tr><td>Tracey Knight<\/td><td>Awards Coordinator Ethos Events Coordinator<\/td><td>LCVP<\/td><\/tr><tr><td>Kim Barrett Perm+ CID<\/td><td>&nbsp;<\/td><td>Behaviour for Learning Teacher<\/td><\/tr><tr><td>Caroline Murray CID<\/td><td>Student Wellbeing Coordinator Integration &amp; Diversity Officer<\/td><td>Social Personal and Health Education<\/td><\/tr><tr><td>Maire Dowling CID<\/td><td>Teaching &amp; Learning Coordinator DEIS Coordinator<\/td><td>Home School Community Liaison<\/td><\/tr><tr><td>Colm Fitzgerald CID<\/td><td>1st Yr Year Head<\/td><td>&nbsp;<\/td><\/tr><tr><td>Aoife Martin<\/td><td>&nbsp;<\/td><td>&nbsp;<\/td><\/tr><tr><td>Caitriona Leahy<\/td><td>2nd Yr Year Head<\/td><td>Accounting<\/td><\/tr><tr><td>Aoife Comerford CID<\/td><td>5th Yr Year Head<\/td><td>Art<\/td><\/tr><tr><td>Brian O Neill CID<\/td><td>&nbsp;<\/td><td>&nbsp;<\/td><\/tr><tr><td>Ciar\u00e1n Kelly CID<\/td><td>&nbsp;<\/td><td>Technical Subjects<\/td><\/tr><tr><td>Eimear Byrne CID<\/td><td>&nbsp;<\/td><td>&nbsp;<\/td><\/tr><tr><td>Nicola Whelan CID<\/td><td>LCA Coordinator &amp; Year Head Health &amp; Safety Coordinator<\/td><td>Guidance<\/td><\/tr><tr><td>Margaret Hyland CID<\/td><td>&nbsp;<\/td><td>EDEN Centre Coordinator<\/td><\/tr><tr><td>Jennifer Murphy CID<\/td><td>&nbsp;<\/td><td>Business<\/td><\/tr><tr><td>Brendan Murphy CID<\/td><td>&nbsp;<\/td><td>Religious Education<\/td><\/tr><tr><td>Shauna Byrne CID<\/td><td>&nbsp;<\/td><td>&nbsp;<\/td><\/tr><tr><td>Niamh Conlan CID<\/td><td>Tours Coordinator Curriculum Development Coordinator<\/td><td>Drama<\/td><\/tr><tr><td>Mary Doyle CID<\/td><td>&nbsp;<\/td><td>&nbsp;<\/td><\/tr><tr><td>Kate O Donovan CID<\/td><td>Positive Behaviour Coordinator<\/td><td>Physical Education<\/td><\/tr><tr><td>Emily Woods CID<\/td><td>&nbsp;<\/td><td>Science<\/td><\/tr><tr><td>Shane Cahill CID<\/td><td>&nbsp;<\/td><td>&nbsp;<\/td><\/tr><tr><td>Julie Anne Behan CID<\/td><td>State Examination Coordinator Form Group Coordinator Canteen &amp; Healthy Eating<\/td><td>Home Economics<\/td><\/tr><tr><td>Sara Walsh CID<\/td><td>&nbsp;<\/td><td>&nbsp;<\/td><\/tr><tr><td>Sinead Blake CID<\/td><td>Attendance &amp; Retention Coordinator Staff Meeting Coordinator<\/td><td>Music<\/td><\/tr><tr><td>Cormac Brady CID<\/td><td>Extra Curricular Coordinator Staff Wellbeing Coordinator<\/td><td>Mathematics<\/td><\/tr><tr><td>Gavin Hoey CID<\/td><td>&nbsp;<\/td><td>&nbsp;<\/td><\/tr><tr><td>Kathryn Mullins CID<\/td><td>&nbsp;<\/td><td>&nbsp;<\/td><\/tr><tr><td>Sarah Freeman CID<\/td><td>House Exams Coordinator Homework and Study Club Coordinator<\/td><td>Geography<\/td><\/tr><tr><td>Dermot O Connor CID<\/td><td>&nbsp;<\/td><td>Spanish<\/td><\/tr><tr><td>Sean Merrins CID<\/td><td>&nbsp;<\/td><td>&nbsp;<\/td><\/tr><tr><td>Aoife Fingleton CID<\/td><td>&nbsp;<\/td><td>&nbsp;<\/td><\/tr><tr><td>Br\u00edde N\u00ed \u00c9imh\u00edn CID<\/td><td>&nbsp;<\/td><td>Gaeilge<\/td><\/tr><tr><td>Laura Heffernan CID<\/td><td>&nbsp;<\/td><td>&nbsp;<\/td><\/tr><tr><td>Suzie Moran CID<\/td><td>&nbsp;<\/td><td>&nbsp;<\/td><\/tr><tr><td>Conor Bolger CID<\/td><td>Policies Development Coordinator Environmental Officer<\/td><td>History<\/td><\/tr><tr><td>Shane O Brien CID<\/td><td>&nbsp;<\/td><td>&nbsp;<\/td><\/tr><tr><td>Kate Heffernan CID<\/td><td>&nbsp;<\/td><td>Civic, Social and Political Education<\/td><\/tr><tr><td>Rebecca Manning<\/td><td>&nbsp;<\/td><td>&nbsp;<\/td><\/tr><tr><td>Larry Maguire<\/td><td>&nbsp;<\/td><td>&nbsp;<\/td><\/tr><tr><td>Olivia Harrington<\/td><td>Acadmic Mentoring Coordinator Librarian\/Digital Librarian<\/td><td>&nbsp;<\/td><\/tr><tr><td>Clodagh Lawlor<\/td><td>&nbsp;<\/td><td>&nbsp;<\/td><\/tr><tr><td>Therese Heffernan<\/td><td>&nbsp;<\/td><td>&nbsp;<\/td><\/tr><tr><td>Katie Garry Murphy<\/td><td>&nbsp;<\/td><td>&nbsp;<\/td><\/tr><tr><td>Fergal Hayes<\/td><td>&nbsp;<\/td><td>&nbsp;<\/td><\/tr><tr><td>Eva Connolly<\/td><td>&nbsp;<\/td><td>&nbsp;<\/td><\/tr><tr><td>Dearbhla Dunne<\/td><td>&nbsp;<\/td><td>&nbsp;<\/td><\/tr><tr><td>Niamh Dunne<\/td><td>&nbsp;<\/td><td>IT<\/td><\/tr><tr><td>Hannah Timmons<\/td><td>&nbsp;<\/td><td>&nbsp;<\/td><\/tr><tr><td>Dervla Leahy<\/td><td>&nbsp;<\/td><td>&nbsp;<\/td><\/tr><tr><td>Jennifer Coughlan<\/td><td>&nbsp;<\/td><td>&nbsp;<\/td><\/tr><tr><td>Cassie Sammon<\/td><td>&nbsp;<\/td><td>&nbsp;<\/td><\/tr><tr><td>Marian Browne<\/td><td>&nbsp;<\/td><td>DEN Coordinator<\/td><\/tr><tr><td>Leanne Delaney<\/td><td>&nbsp;<\/td><td>&nbsp;<\/td><\/tr><\/tbody><\/table><\/figure>\n\n\n<h1 align=\"center\">&nbsp;<\/h1>\n<p><\/p>\n<p><\/p>","protected":false},"excerpt":{"rendered":"<p>Name Middle Leadership and Management Roles and Responsibilities Subject Department Coordinator Specialist Role Brian Bergin Principal\u00a0 \u00a0 \u00a0 \u00a0 \u00a0 \u00a0 \u00a0\u00a0 &nbsp; Sean Keenan Deputy Principal &nbsp; Eric Healy Deputy Principal &nbsp; Seamus Ferry PRO, Social Media and Website&hellip;<\/p>\n","protected":false},"author":3,"featured_media":0,"parent":0,"menu_order":0,"comment_status":"closed","ping_status":"closed","template":"page-penci-full-width.php","meta":{"footnotes":""},"class_list":["post-183","page","type-page","status-publish","hentry"],"_links":{"self":[{"href":"https:\/\/saoilearning.com\/index.php\/wp-json\/wp\/v2\/pages\/183","targetHints":{"allow":["GET"]}}],"collection":[{"href":"https:\/\/saoilearning.com\/index.php\/wp-json\/wp\/v2\/pages"}],"about":[{"href":"https:\/\/saoilearning.com\/index.php\/wp-json\/wp\/v2\/types\/page"}],"author":[{"embeddable":true,"href":"https:\/\/saoilearning.com\/index.php\/wp-json\/wp\/v2\/users\/3"}],"replies":[{"embeddable":true,"href":"https:\/\/saoilearning.com\/index.php\/wp-json\/wp\/v2\/comments?post=183"}],"version-history":[{"count":8,"href":"https:\/\/saoilearning.com\/index.php\/wp-json\/wp\/v2\/pages\/183\/revisions"}],"predecessor-version":[{"id":12795,"href":"https:\/\/saoilearning.com\/index.php\/wp-json\/wp\/v2\/pages\/183\/revisions\/12795"}],"wp:attachment":[{"href":"https:\/\/saoilearning.com\/index.php\/wp-json\/wp\/v2\/media?parent=183"}],"curies":[{"name":"wp","href":"https:\/\/api.w.org\/{rel}","templated":true}]}}