{"id":7769,"date":"2022-05-05T11:16:57","date_gmt":"2022-05-05T11:16:57","guid":{"rendered":"https:\/\/stpaulsmonasterevin.ie\/?page_id=7769"},"modified":"2023-10-07T11:15:37","modified_gmt":"2023-10-07T11:15:37","slug":"dpvac","status":"publish","type":"page","link":"https:\/\/saoilearning.com\/index.php\/dpvac\/","title":{"rendered":"Deputy Principal Vacancy"},"content":{"rendered":"\n<p><a href=\"http:\/\/stpaulsmonasterevin.ie\/wp-content\/uploads\/St-Pauls-Role-Profile-for-the-Position-of-Deputy-Principal-2022-1.pdf\" data-type=\"URL\" data-id=\"http:\/\/stpaulsmonasterevin.ie\/wp-content\/uploads\/St-Pauls-Role-Profile-for-the-Position-of-Deputy-Principal-2022-1.pdf\" target=\"_blank\" rel=\"noreferrer noopener\">St Paul&#8217;s Role Profile for the Position of Deputy Principal<\/a><\/p>\n\n\n\n\n\n<p><a rel=\"noreferrer noopener\" href=\"http:\/\/stpaulsmonasterevin.ie\/wp-content\/uploads\/St-Pauls-DP-Application-Form-2022.docx\" data-type=\"URL\" data-id=\"http:\/\/stpaulsmonasterevin.ie\/wp-content\/uploads\/St-Pauls-DP-Application-Form-2022.docx\" target=\"_blank\">St Paul&#8217;s DP Application Form<\/a><\/p>\n\n\n\n<p><a href=\"http:\/\/stpaulsmonasterevin.ie\/wp-content\/uploads\/Guide-to-Completing-Application-Form.pdf\" data-type=\"URL\" data-id=\"http:\/\/stpaulsmonasterevin.ie\/wp-content\/uploads\/Guide-to-Completing-Application-Form.pdf\" target=\"_blank\" rel=\"noreferrer noopener\">Guide to Completing Application Form<\/a><\/p>\n\n\n\n<p><a rel=\"noreferrer noopener\" href=\"http:\/\/stpaulsmonasterevin.ie\/wp-content\/uploads\/Checklist-for-DP-Applicants.pdf\" data-type=\"URL\" data-id=\"http:\/\/stpaulsmonasterevin.ie\/wp-content\/uploads\/Checklist-for-DP-Applicants.pdf\" target=\"_blank\">Checklist for DP Applicants<\/a><\/p>\n\n\n\n<p><a href=\"http:\/\/stpaulsmonasterevin.ie\/wp-content\/uploads\/DP-Advertisement-2022.pdf\" target=\"_blank\" rel=\"noreferrer noopener\">Deputy Principal Vacancy Advertisement<\/a><\/p>\n\n\n\n<p><a href=\"http:\/\/stpaulsmonasterevin.ie\/wp-content\/uploads\/DP-Advertisement-2022-GA.pdf\" target=\"_blank\" rel=\"noreferrer noopener\">F\u00f3gra Phr\u00edomhoide T\u00e1naisteach<\/a><\/p>\n","protected":false},"excerpt":{"rendered":"<p>St Paul&#8217;s Role Profile for the Position of Deputy Principal St Paul&#8217;s DP Application Form Guide to Completing Application Form Checklist for DP Applicants Deputy Principal Vacancy Advertisement F\u00f3gra Phr\u00edomhoide T\u00e1naisteach<\/p>\n","protected":false},"author":3,"featured_media":0,"parent":0,"menu_order":0,"comment_status":"closed","ping_status":"closed","template":"page-penci-full-width.php","meta":{"footnotes":""},"class_list":["post-7769","page","type-page","status-publish","hentry"],"_links":{"self":[{"href":"https:\/\/saoilearning.com\/index.php\/wp-json\/wp\/v2\/pages\/7769","targetHints":{"allow":["GET"]}}],"collection":[{"href":"https:\/\/saoilearning.com\/index.php\/wp-json\/wp\/v2\/pages"}],"about":[{"href":"https:\/\/saoilearning.com\/index.php\/wp-json\/wp\/v2\/types\/page"}],"author":[{"embeddable":true,"href":"https:\/\/saoilearning.com\/index.php\/wp-json\/wp\/v2\/users\/3"}],"replies":[{"embeddable":true,"href":"https:\/\/saoilearning.com\/index.php\/wp-json\/wp\/v2\/comments?post=7769"}],"version-history":[{"count":1,"href":"https:\/\/saoilearning.com\/index.php\/wp-json\/wp\/v2\/pages\/7769\/revisions"}],"predecessor-version":[{"id":12506,"href":"https:\/\/saoilearning.com\/index.php\/wp-json\/wp\/v2\/pages\/7769\/revisions\/12506"}],"wp:attachment":[{"href":"https:\/\/saoilearning.com\/index.php\/wp-json\/wp\/v2\/media?parent=7769"}],"curies":[{"name":"wp","href":"https:\/\/api.w.org\/{rel}","templated":true}]}}